{"id":20,"date":"2022-10-11T12:45:17","date_gmt":"2022-10-11T10:45:17","guid":{"rendered":"https:\/\/miges-muenchen.de\/?page_id=20"},"modified":"2022-10-15T01:01:03","modified_gmt":"2022-10-14T23:01:03","slug":"leitbild-der-miges-muenchen-ggmbh","status":"publish","type":"page","link":"https:\/\/miges-muenchen.de\/?page_id=20","title":{"rendered":"Leitbild der MiGes M\u00fcnchen gGmbH"},"content":{"rendered":"\n<p>Die MiGes M\u00fcnchen gemeinn\u00fctzigeGmbH ist ein Unternehmen mit unterschiedlichen sozialen T\u00e4tigkeitsfeldern mit Sitz in M\u00fcnchen.<\/p>\n\n\n\n<ul class=\"wp-block-list\"><li>Wir sind ein kultur\u00fcbergreifender sozialer Dienstleister und tragen mit unserer Arbeit zum interkulturellen Dialog bei. Ziel ist die gesellschaftliche Teilhabe aller Menschen.<\/li><li>Wir vertreten ein humanistisches Weltbild und sind nicht an religi\u00f6se oder politische Anschauungen gebunden.<\/li><li>Wir sind gender- und diversity-offen und begegnen allen Menschen auf Augenh\u00f6he<\/li><li>Unsere Mitarbeiter:innen sind unsere wichtigste Ressource. Wir pflegen flache Hierarchien, um die Kommunikation im Unternehmen zu f\u00f6rdern.<\/li><li>Die Interkulturalit\u00e4t des Unternehmens zeigt sich durch die Sprach- und Kulturvielfalt unserer Mitarbeiter:innen auf allen Ebenen.<\/li><li>Wir arbeiten \u00fcberregional, sind mit unterschiedlichsten Tr\u00e4gern vernetzt und kooperieren mit den verschiedenen Akteur:innen der Soziallandschaft.<\/li><\/ul>\n\n\n\n<p>Neben der Verl\u00e4sslichkeit der Unternehmensstrukturen sowie der Gew\u00e4hrleistung der fachlichen Kompetenz der Mitarbeiter:innen sind f\u00fcr uns Transparenz und hohe Qualit\u00e4tsstandards der Betriebsteile oberste Direktive.<\/p>\n","protected":false},"excerpt":{"rendered":"<p>Die MiGes M\u00fcnchen gemeinn\u00fctzigeGmbH ist ein Unternehmen mit unterschiedlichen sozialen T\u00e4tigkeitsfeldern mit Sitz in M\u00fcnchen. Wir sind ein kultur\u00fcbergreifender sozialer Dienstleister und tragen mit unserer Arbeit zum interkulturellen Dialog bei. Ziel ist die gesellschaftliche Teilhabe aller Menschen. Wir vertreten ein humanistisches Weltbild und sind nicht an religi\u00f6se oder politische Anschauungen gebunden. Wir sind gender- und [&hellip;]<\/p>\n<div class=\"more-link-wrap\"><a class=\"more-link\" href=\"https:\/\/miges-muenchen.de\/?page_id=20\" title=\"Artikel Leitbild der MiGes M\u00fcnchen gGmbH ansehen\">Weiterlesen &rarr;<\/a><\/div>","protected":false},"author":1,"featured_media":41,"parent":0,"menu_order":0,"comment_status":"closed","ping_status":"closed","template":"","meta":{"_genesis_hide_title":false,"_genesis_hide_breadcrumbs":false,"_genesis_hide_singular_image":false,"_genesis_hide_footer_widgets":false,"_genesis_custom_body_class":"","_genesis_custom_post_class":"","_genesis_layout":"","footnotes":""},"class_list":{"0":"post-20","1":"page","2":"type-page","3":"status-publish","4":"has-post-thumbnail","6":"entry"},"_links":{"self":[{"href":"https:\/\/miges-muenchen.de\/index.php?rest_route=\/wp\/v2\/pages\/20","targetHints":{"allow":["GET"]}}],"collection":[{"href":"https:\/\/miges-muenchen.de\/index.php?rest_route=\/wp\/v2\/pages"}],"about":[{"href":"https:\/\/miges-muenchen.de\/index.php?rest_route=\/wp\/v2\/types\/page"}],"author":[{"embeddable":true,"href":"https:\/\/miges-muenchen.de\/index.php?rest_route=\/wp\/v2\/users\/1"}],"replies":[{"embeddable":true,"href":"https:\/\/miges-muenchen.de\/index.php?rest_route=%2Fwp%2Fv2%2Fcomments&post=20"}],"version-history":[{"count":1,"href":"https:\/\/miges-muenchen.de\/index.php?rest_route=\/wp\/v2\/pages\/20\/revisions"}],"predecessor-version":[{"id":21,"href":"https:\/\/miges-muenchen.de\/index.php?rest_route=\/wp\/v2\/pages\/20\/revisions\/21"}],"wp:featuredmedia":[{"embeddable":true,"href":"https:\/\/miges-muenchen.de\/index.php?rest_route=\/wp\/v2\/media\/41"}],"wp:attachment":[{"href":"https:\/\/miges-muenchen.de\/index.php?rest_route=%2Fwp%2Fv2%2Fmedia&parent=20"}],"curies":[{"name":"wp","href":"https:\/\/api.w.org\/{rel}","templated":true}]}}